{"id":865,"date":"2025-01-08T13:41:50","date_gmt":"2025-01-08T12:41:50","guid":{"rendered":"https:\/\/sadvincles.cat\/aviso-legal\/"},"modified":"2025-01-23T09:14:52","modified_gmt":"2025-01-23T08:14:52","slug":"aviso-legal","status":"publish","type":"page","link":"https:\/\/www.sadvincles.cat\/es\/aviso-legal\/","title":{"rendered":"Aviso Legal"},"content":{"rendered":"<style>.elementor-865 .elementor-element.elementor-element-0b40dfe{--display:flex;--flex-direction:row;--container-widget-width:initial;--container-widget-height:100%;--container-widget-flex-grow:1;--container-widget-align-self:stretch;--flex-wrap-mobile:wrap;--gap:0px 0px;--row-gap:0px;--column-gap:0px;--overlay-opacity:0.7;--margin-top:0px;--margin-bottom:0px;--margin-left:0px;--margin-right:0px;--padding-top:125px;--padding-bottom:125px;--padding-left:0px;--padding-right:0px;}.elementor-865 .elementor-element.elementor-element-0b40dfe:not(.elementor-motion-effects-element-type-background), .elementor-865 .elementor-element.elementor-element-0b40dfe > .elementor-motion-effects-container > .elementor-motion-effects-layer{background-image:url(\"https:\/\/www.sadvincles.cat\/wp-content\/uploads\/2024\/12\/header_0002_2149139786.jpg\");background-position:center center;background-repeat:no-repeat;background-size:cover;}.elementor-865 .elementor-element.elementor-element-0b40dfe::before, .elementor-865 .elementor-element.elementor-element-0b40dfe > .elementor-background-video-container::before, .elementor-865 .elementor-element.elementor-element-0b40dfe > .e-con-inner > .elementor-background-video-container::before, .elementor-865 .elementor-element.elementor-element-0b40dfe > .elementor-background-slideshow::before, .elementor-865 .elementor-element.elementor-element-0b40dfe > .e-con-inner > .elementor-background-slideshow::before, .elementor-865 .elementor-element.elementor-element-0b40dfe > .elementor-motion-effects-container > .elementor-motion-effects-layer::before{--background-overlay:'';background-color:var( --e-global-color-c8f72d3 );}.elementor-865 .elementor-element.elementor-element-a719a3a{--display:flex;--flex-direction:column;--container-widget-width:100%;--container-widget-height:initial;--container-widget-flex-grow:0;--container-widget-align-self:initial;--flex-wrap-mobile:wrap;--gap:0px 0px;--row-gap:0px;--column-gap:0px;--margin-top:0px;--margin-bottom:0px;--margin-left:0px;--margin-right:0px;--padding-top:0px;--padding-bottom:0px;--padding-left:0px;--padding-right:0px;}.elementor-865 .elementor-element.elementor-element-37b5613{text-align:center;}.elementor-865 .elementor-element.elementor-element-37b5613 .elementor-heading-title{color:var( --e-global-color-9c2f63b );}.elementor-865 .elementor-element.elementor-element-1317ce4{--display:flex;--padding-top:50px;--padding-bottom:50px;--padding-left:20px;--padding-right:20px;}:root{--page-title-display:none;}@media(min-width:768px){.elementor-865 .elementor-element.elementor-element-a719a3a{--width:100%;}}@media(max-width:1024px){.elementor-865 .elementor-element.elementor-element-0b40dfe{--margin-top:0px;--margin-bottom:0px;--margin-left:0px;--margin-right:0px;--padding-top:100px;--padding-bottom:100px;--padding-left:0px;--padding-right:0px;}}@media(max-width:767px){.elementor-865 .elementor-element.elementor-element-0b40dfe{--margin-top:10px;--margin-bottom:0px;--margin-left:0px;--margin-right:0px;}}<\/style>\t\t<div data-elementor-type=\"wp-page\" data-elementor-id=\"865\" class=\"elementor elementor-865 elementor-536\" data-elementor-settings=\"{&quot;ha_cmc_init_switcher&quot;:&quot;no&quot;}\" data-elementor-post-type=\"page\">\n\t\t\t\t<div class=\"elementor-element elementor-element-0b40dfe e-flex e-con-boxed e-con e-parent\" data-id=\"0b40dfe\" data-element_type=\"container\" data-e-type=\"container\" data-settings=\"{&quot;background_background&quot;:&quot;classic&quot;,&quot;_ha_eqh_enable&quot;:false}\">\n\t\t\t\t\t<div class=\"e-con-inner\">\n\t\t<div class=\"elementor-element elementor-element-a719a3a e-con-full e-flex e-con e-child\" data-id=\"a719a3a\" data-element_type=\"container\" data-e-type=\"container\" data-settings=\"{&quot;_ha_eqh_enable&quot;:false}\">\n\t\t\t\t<div class=\"elementor-element elementor-element-37b5613 elementor-widget elementor-widget-heading\" data-id=\"37b5613\" data-element_type=\"widget\" data-e-type=\"widget\" data-widget_type=\"heading.default\">\n\t\t\t\t<div class=\"elementor-widget-container\">\n\t\t\t\t\t<h1 class=\"elementor-heading-title elementor-size-default\">Aviso Legal<\/h1>\t\t\t\t<\/div>\n\t\t\t\t<\/div>\n\t\t\t\t<\/div>\n\t\t\t\t\t<\/div>\n\t\t\t\t<\/div>\n\t\t<div class=\"elementor-element elementor-element-1317ce4 e-flex e-con-boxed e-con e-parent\" data-id=\"1317ce4\" data-element_type=\"container\" data-e-type=\"container\" data-settings=\"{&quot;_ha_eqh_enable&quot;:false}\">\n\t\t\t\t\t<div class=\"e-con-inner\">\n\t\t\t\t<div class=\"elementor-element elementor-element-0204422 elementor-widget elementor-widget-text-editor\" data-id=\"0204422\" data-element_type=\"widget\" data-e-type=\"widget\" data-widget_type=\"text-editor.default\">\n\t\t\t\t<div class=\"elementor-widget-container\">\n\t\t\t\t\t\t\t\t\t<\/p>\n<p>En cumplimiento con lo dispuesto en la Ley 34\/2002, de 11 de julio, de servicios de la sociedad de la informaci\u00f3n y de comercio electr\u00f3nico (LSSI-CE), se informa que la titularidad del sitio web recae en:<\/p>\n<p><strong>Titular<\/strong>: VINCLES ATENCI\u00d3N DOMICILIARIA S.L.U.<strong>CIF<\/strong>: B67291633<br \/><strong>Domicilio social<\/strong>: C\/ Balmes, 77 &#8211; P BA PTA 2, 08370 Calella (Barcelona)<br \/><strong>Correo electr\u00f3nico<\/strong>: <a href=\"mailto:info@sadvincles.cat\">info@sadvincles.cat<\/a><br \/><strong>Tel\u00e9fono<\/strong>: +34 639 43 65 52<\/p>\n<p>El acceso y uso de este sitio web implica la aceptaci\u00f3n plena de las condiciones descritas en este Aviso Legal, as\u00ed como de la pol\u00edtica de privacidad y las condiciones de uso aplicables. Os recomendamos que revis\u00e9is estos textos peri\u00f3dicamente para conocer posibles modificaciones. <\/p>\n<h4><strong>Condiciones de uso<\/strong><\/h4>\n<p>El usuario se compromete a utilizar este sitio web, sus contenidos y servicios de manera conforme a la ley, este Aviso Legal, la moral, las buenas costumbres y el orden p\u00fablico. El usuario se abstendr\u00e1 de: <\/p>\n<ol>\n<li>Hacer uso no autorizado o fraudulento del sitio web y\/o de sus contenidos con fines il\u00edcitos.<\/li>\n<li>Acceder o intentar acceder a recursos o \u00e1reas restringidas del sitio web sin cumplir las condiciones requeridas.<\/li>\n<li>Introducir o difundir virus inform\u00e1ticos o cualquier otro sistema f\u00edsico o l\u00f3gico que sea susceptible de provocar da\u00f1os en el sitio web.<\/li>\n<\/ol>\n<h4><strong>Propiedad intelectual e industrial<\/strong><\/h4>\n<p>Todos los contenidos de este sitio web, incluyendo, entre otros, textos, im\u00e1genes, gr\u00e1ficos, iconos, tecnolog\u00eda, software y dise\u00f1o gr\u00e1fico, son propiedad de VINCLES ATENCI\u00d3N DOMICILIARIA S.L.U., y est\u00e1n protegidos por la legislaci\u00f3n sobre propiedad intelectual e industrial. Queda prohibida su reproducci\u00f3n, distribuci\u00f3n, comunicaci\u00f3n p\u00fablica, transformaci\u00f3n o cualquier otra forma de explotaci\u00f3n sin la autorizaci\u00f3n previa y expresa del titular. <\/p>\n<h4><strong>Responsabilidad<\/strong><\/h4>\n<p>VINCLES ATENCI\u00d3N DOMICILIARIA S.L.U. no se hace responsable de los da\u00f1os o perjuicios derivados del acceso o uso indebido del sitio web. Sin embargo, adoptaremos todas las medidas necesarias para evitar errores y garantizar el correcto funcionamiento del puesto. <\/p>\n<h4><strong>Enlaces externos<\/strong><\/h4>\n<p>Este sitio web puede incluir enlaces a otros sitios web. VINCLES ATENCI\u00d3N DOMICILIARIA S.L.U. no se hace responsable de los contenidos ni de las condiciones de uso de estos sitios web externos. <\/p>\n<h4><strong>Legislaci\u00f3n aplicable y jurisdicci\u00f3n<\/strong><\/h4>\n<p>Este Aviso Legal se rige por la legislaci\u00f3n espa\u00f1ola. Para cualquier controversia derivada del acceso o uso de este sitio web, el usuario y el titular se someten expresamente a los juzgados y tribunales competentes de la ciudad de Barcelona. <\/p>\n\t\t\t\t\t\t\t\t<\/div>\n\t\t\t\t<\/div>\n\t\t\t\t\t<\/div>\n\t\t\t\t<\/div>\n\t\t\t\t<\/div>\n\t\t","protected":false},"excerpt":{"rendered":"<p>En cumplimiento con lo dispuesto en la Ley 34\/2002, de 11 de julio, de servicios de la sociedad de la informaci\u00f3n y de comercio electr\u00f3nico (LSSI-CE), se informa que la titularidad del sitio web recae en: Titular: VINCLES ATENCI\u00d3N DOMICILIARIA S.L.U.CIF: B67291633Domicilio social: C\/ Balmes, 77 &#8211; P BA PTA 2, 08370 Calella (Barcelona)Correo electr\u00f3nico: [&hellip;]<\/p>\n","protected":false},"author":1,"featured_media":0,"parent":0,"menu_order":0,"comment_status":"closed","ping_status":"closed","template":"","meta":{"footnotes":""},"class_list":["post-865","page","type-page","status-publish","hentry"],"yoast_head":"<!-- This site is optimized with the Yoast SEO plugin v26.9 - https:\/\/yoast.com\/product\/yoast-seo-wordpress\/ -->\n<title>Aviso Legal &#8226; Vincles<\/title>\n<meta name=\"description\" content=\"Vincles Atenci\u00f3n Domiciliaria. CIF B67291633. Calella, Barcelona. Tel\u00e9fono: +34 639 43 65 52\" \/>\n<meta name=\"robots\" content=\"index, follow, max-snippet:-1, max-image-preview:large, max-video-preview:-1\" \/>\n<link rel=\"canonical\" href=\"https:\/\/www.sadvincles.cat\/es\/aviso-legal\/\" \/>\n<meta property=\"og:locale\" content=\"es_ES\" \/>\n<meta property=\"og:type\" content=\"article\" \/>\n<meta property=\"og:title\" content=\"Aviso Legal &#8226; Vincles\" \/>\n<meta property=\"og:description\" content=\"Vincles Atenci\u00f3n Domiciliaria. CIF B67291633. Calella, Barcelona. Tel\u00e9fono: +34 639 43 65 52\" \/>\n<meta property=\"og:url\" content=\"https:\/\/www.sadvincles.cat\/es\/aviso-legal\/\" \/>\n<meta property=\"og:site_name\" content=\"Vincles\" \/>\n<meta property=\"article:modified_time\" content=\"2025-01-23T08:14:52+00:00\" \/>\n<meta property=\"og:image\" content=\"https:\/\/www.sadvincles.cat\/wp-content\/uploads\/2024\/12\/2149139786.jpg\" \/>\n\t<meta property=\"og:image:width\" content=\"1200\" \/>\n\t<meta property=\"og:image:height\" content=\"800\" \/>\n\t<meta property=\"og:image:type\" content=\"image\/jpeg\" \/>\n<meta name=\"twitter:card\" content=\"summary_large_image\" \/>\n<script type=\"application\/ld+json\" class=\"yoast-schema-graph\">{\"@context\":\"https:\/\/schema.org\",\"@graph\":[{\"@type\":\"WebPage\",\"@id\":\"https:\/\/www.sadvincles.cat\/es\/aviso-legal\/\",\"url\":\"https:\/\/www.sadvincles.cat\/es\/aviso-legal\/\",\"name\":\"Aviso Legal &#8226; Vincles\",\"isPartOf\":{\"@id\":\"https:\/\/www.sadvincles.cat\/es\/#website\"},\"datePublished\":\"2025-01-08T12:41:50+00:00\",\"dateModified\":\"2025-01-23T08:14:52+00:00\",\"description\":\"Vincles Atenci\u00f3n Domiciliaria. CIF B67291633. Calella, Barcelona. Tel\u00e9fono: +34 639 43 65 52\",\"breadcrumb\":{\"@id\":\"https:\/\/www.sadvincles.cat\/es\/aviso-legal\/#breadcrumb\"},\"inLanguage\":\"es\",\"potentialAction\":[{\"@type\":\"ReadAction\",\"target\":[\"https:\/\/www.sadvincles.cat\/es\/aviso-legal\/\"]}]},{\"@type\":\"BreadcrumbList\",\"@id\":\"https:\/\/www.sadvincles.cat\/es\/aviso-legal\/#breadcrumb\",\"itemListElement\":[{\"@type\":\"ListItem\",\"position\":1,\"name\":\"Inici\",\"item\":\"https:\/\/www.sadvincles.cat\/es\/inicio\/\"},{\"@type\":\"ListItem\",\"position\":2,\"name\":\"Aviso Legal\"}]},{\"@type\":\"WebSite\",\"@id\":\"https:\/\/www.sadvincles.cat\/es\/#website\",\"url\":\"https:\/\/www.sadvincles.cat\/es\/\",\"name\":\"Vincles\",\"description\":\"Atenci\u00f3 a les persones\",\"publisher\":{\"@id\":\"https:\/\/www.sadvincles.cat\/es\/#organization\"},\"alternateName\":\"SAD Vincles\",\"potentialAction\":[{\"@type\":\"SearchAction\",\"target\":{\"@type\":\"EntryPoint\",\"urlTemplate\":\"https:\/\/www.sadvincles.cat\/es\/?s={search_term_string}\"},\"query-input\":{\"@type\":\"PropertyValueSpecification\",\"valueRequired\":true,\"valueName\":\"search_term_string\"}}],\"inLanguage\":\"es\"},{\"@type\":\"Organization\",\"@id\":\"https:\/\/www.sadvincles.cat\/es\/#organization\",\"name\":\"Vincles. Atenci\u00f3 a les persones\",\"alternateName\":\"Vincles\",\"url\":\"https:\/\/www.sadvincles.cat\/es\/\",\"logo\":{\"@type\":\"ImageObject\",\"inLanguage\":\"es\",\"@id\":\"https:\/\/www.sadvincles.cat\/es\/#\/schema\/logo\/image\/\",\"url\":\"https:\/\/www.sadvincles.cat\/wp-content\/uploads\/2024\/12\/favicon-vincles.png\",\"contentUrl\":\"https:\/\/www.sadvincles.cat\/wp-content\/uploads\/2024\/12\/favicon-vincles.png\",\"width\":512,\"height\":512,\"caption\":\"Vincles. Atenci\u00f3 a les persones\"},\"image\":{\"@id\":\"https:\/\/www.sadvincles.cat\/es\/#\/schema\/logo\/image\/\"}}]}<\/script>\n<!-- \/ Yoast SEO plugin. -->","yoast_head_json":{"title":"Aviso Legal &#8226; Vincles","description":"Vincles Atenci\u00f3n Domiciliaria. CIF B67291633. Calella, Barcelona. Tel\u00e9fono: +34 639 43 65 52","robots":{"index":"index","follow":"follow","max-snippet":"max-snippet:-1","max-image-preview":"max-image-preview:large","max-video-preview":"max-video-preview:-1"},"canonical":"https:\/\/www.sadvincles.cat\/es\/aviso-legal\/","og_locale":"es_ES","og_type":"article","og_title":"Aviso Legal &#8226; Vincles","og_description":"Vincles Atenci\u00f3n Domiciliaria. CIF B67291633. Calella, Barcelona. Tel\u00e9fono: +34 639 43 65 52","og_url":"https:\/\/www.sadvincles.cat\/es\/aviso-legal\/","og_site_name":"Vincles","article_modified_time":"2025-01-23T08:14:52+00:00","og_image":[{"width":1200,"height":800,"url":"https:\/\/www.sadvincles.cat\/wp-content\/uploads\/2024\/12\/2149139786.jpg","type":"image\/jpeg"}],"twitter_card":"summary_large_image","schema":{"@context":"https:\/\/schema.org","@graph":[{"@type":"WebPage","@id":"https:\/\/www.sadvincles.cat\/es\/aviso-legal\/","url":"https:\/\/www.sadvincles.cat\/es\/aviso-legal\/","name":"Aviso Legal &#8226; Vincles","isPartOf":{"@id":"https:\/\/www.sadvincles.cat\/es\/#website"},"datePublished":"2025-01-08T12:41:50+00:00","dateModified":"2025-01-23T08:14:52+00:00","description":"Vincles Atenci\u00f3n Domiciliaria. CIF B67291633. Calella, Barcelona. Tel\u00e9fono: +34 639 43 65 52","breadcrumb":{"@id":"https:\/\/www.sadvincles.cat\/es\/aviso-legal\/#breadcrumb"},"inLanguage":"es","potentialAction":[{"@type":"ReadAction","target":["https:\/\/www.sadvincles.cat\/es\/aviso-legal\/"]}]},{"@type":"BreadcrumbList","@id":"https:\/\/www.sadvincles.cat\/es\/aviso-legal\/#breadcrumb","itemListElement":[{"@type":"ListItem","position":1,"name":"Inici","item":"https:\/\/www.sadvincles.cat\/es\/inicio\/"},{"@type":"ListItem","position":2,"name":"Aviso Legal"}]},{"@type":"WebSite","@id":"https:\/\/www.sadvincles.cat\/es\/#website","url":"https:\/\/www.sadvincles.cat\/es\/","name":"Vincles","description":"Atenci\u00f3 a les persones","publisher":{"@id":"https:\/\/www.sadvincles.cat\/es\/#organization"},"alternateName":"SAD Vincles","potentialAction":[{"@type":"SearchAction","target":{"@type":"EntryPoint","urlTemplate":"https:\/\/www.sadvincles.cat\/es\/?s={search_term_string}"},"query-input":{"@type":"PropertyValueSpecification","valueRequired":true,"valueName":"search_term_string"}}],"inLanguage":"es"},{"@type":"Organization","@id":"https:\/\/www.sadvincles.cat\/es\/#organization","name":"Vincles. Atenci\u00f3 a les persones","alternateName":"Vincles","url":"https:\/\/www.sadvincles.cat\/es\/","logo":{"@type":"ImageObject","inLanguage":"es","@id":"https:\/\/www.sadvincles.cat\/es\/#\/schema\/logo\/image\/","url":"https:\/\/www.sadvincles.cat\/wp-content\/uploads\/2024\/12\/favicon-vincles.png","contentUrl":"https:\/\/www.sadvincles.cat\/wp-content\/uploads\/2024\/12\/favicon-vincles.png","width":512,"height":512,"caption":"Vincles. Atenci\u00f3 a les persones"},"image":{"@id":"https:\/\/www.sadvincles.cat\/es\/#\/schema\/logo\/image\/"}}]}},"_links":{"self":[{"href":"https:\/\/www.sadvincles.cat\/es\/wp-json\/wp\/v2\/pages\/865","targetHints":{"allow":["GET"]}}],"collection":[{"href":"https:\/\/www.sadvincles.cat\/es\/wp-json\/wp\/v2\/pages"}],"about":[{"href":"https:\/\/www.sadvincles.cat\/es\/wp-json\/wp\/v2\/types\/page"}],"author":[{"embeddable":true,"href":"https:\/\/www.sadvincles.cat\/es\/wp-json\/wp\/v2\/users\/1"}],"replies":[{"embeddable":true,"href":"https:\/\/www.sadvincles.cat\/es\/wp-json\/wp\/v2\/comments?post=865"}],"version-history":[{"count":0,"href":"https:\/\/www.sadvincles.cat\/es\/wp-json\/wp\/v2\/pages\/865\/revisions"}],"wp:attachment":[{"href":"https:\/\/www.sadvincles.cat\/es\/wp-json\/wp\/v2\/media?parent=865"}],"curies":[{"name":"wp","href":"https:\/\/api.w.org\/{rel}","templated":true}]}}